{"id":1110,"date":"2025-04-22T11:58:05","date_gmt":"2025-04-22T11:58:05","guid":{"rendered":"https:\/\/www.josefschule-gladbeck.de\/?page_id=1110"},"modified":"2025-06-15T22:03:35","modified_gmt":"2025-06-15T20:03:35","slug":"foerderverein","status":"publish","type":"page","link":"https:\/\/www.josefschule-gladbeck.de\/index.php\/foerderverein\/","title":{"rendered":"F\u00f6rderverein"},"content":{"rendered":"\t\t<div data-elementor-type=\"wp-page\" data-elementor-id=\"1110\" class=\"elementor elementor-1110\" data-elementor-post-type=\"page\">\n\t\t\t\t<div class=\"elementor-element elementor-element-6a9bf31 e-flex e-con-boxed e-con e-parent\" data-id=\"6a9bf31\" data-element_type=\"container\" data-e-type=\"container\">\n\t\t\t\t\t<div class=\"e-con-inner\">\n\t\t\t\t<div class=\"elementor-element elementor-element-db9c04b elementor-widget elementor-widget-heading\" data-id=\"db9c04b\" data-element_type=\"widget\" data-e-type=\"widget\" data-widget_type=\"heading.default\">\n\t\t\t\t<div class=\"elementor-widget-container\">\n\t\t\t\t\t<h3 class=\"elementor-heading-title elementor-size-default\">F\u00f6rderverein<\/h3>\t\t\t\t<\/div>\n\t\t\t\t<\/div>\n\t\t\t\t<div class=\"elementor-element elementor-element-68a2e1f elementor-widget elementor-widget-text-editor\" data-id=\"68a2e1f\" data-element_type=\"widget\" data-e-type=\"widget\" data-widget_type=\"text-editor.default\">\n\t\t\t\t<div class=\"elementor-widget-container\">\n\t\t\t\t\t\t\t\t\t<p class=\"p2\">Der F\u00f6rderverein der Josefschule engagiert sich f\u00fcr eine lebendige, kreative und unterst\u00fctzende Schulgemeinschaft. Mit zus\u00e4tzlichen Mitteln erm\u00f6glichen wir Projekte und Anschaffungen, die \u00fcber die regul\u00e4re Schulfinanzierung hinausgehen.<\/p><p class=\"p2\">Dank Ihrer Unterst\u00fctzung f\u00f6rdern wir zum Beispiel:<\/p><ul><li class=\"p3\">Klassen- und Schulfahrten, damit alle Kinder teilnehmen k\u00f6nnen<\/li><li class=\"p3\">Theaterbesuche und kulturelle Veranstaltungen<\/li><li class=\"p3\">Anschaffung von Lehr- und Lernmitteln, die nicht vom Schultr\u00e4ger \u00fcbernommen werden<\/li><li class=\"p3\">Obstbuffet beim Sportfest<\/li><li class=\"p3\">Nikolaus\u00fcberraschung f\u00fcr alle Kinder und Mitarbeiter<\/li><li class=\"p3\">Trommelprojekt (alle vier Jahre)<\/li><li class=\"p3\">Zirkusprojekt (alle vier Jahre)<\/li><\/ul>\t\t\t\t\t\t\t\t<\/div>\n\t\t\t\t<\/div>\n\t\t\t\t\t<\/div>\n\t\t\t\t<\/div>\n\t\t<div class=\"elementor-element elementor-element-4d965e2 e-flex e-con-boxed e-con e-parent\" data-id=\"4d965e2\" data-element_type=\"container\" data-e-type=\"container\">\n\t\t\t\t\t<div class=\"e-con-inner\">\n\t\t<div class=\"elementor-element elementor-element-011c215 e-con-full e-flex e-con e-child\" data-id=\"011c215\" data-element_type=\"container\" data-e-type=\"container\">\n\t\t\t\t<div class=\"elementor-element elementor-element-f2343fe elementor-view-default elementor-widget elementor-widget-icon\" data-id=\"f2343fe\" data-element_type=\"widget\" data-e-type=\"widget\" data-widget_type=\"icon.default\">\n\t\t\t\t<div class=\"elementor-widget-container\">\n\t\t\t\t\t\t\t<div class=\"elementor-icon-wrapper\">\n\t\t\t<a class=\"elementor-icon\" href=\"https:\/\/www.josefschule-gladbeck.de\/index.php\/mitglied-werden\/\">\n\t\t\t<svg aria-hidden=\"true\" class=\"e-font-icon-svg e-fas-external-link-alt\" viewBox=\"0 0 512 512\" xmlns=\"http:\/\/www.w3.org\/2000\/svg\"><path d=\"M432,320H400a16,16,0,0,0-16,16V448H64V128H208a16,16,0,0,0,16-16V80a16,16,0,0,0-16-16H48A48,48,0,0,0,0,112V464a48,48,0,0,0,48,48H400a48,48,0,0,0,48-48V336A16,16,0,0,0,432,320ZM488,0h-128c-21.37,0-32.05,25.91-17,41l35.73,35.73L135,320.37a24,24,0,0,0,0,34L157.67,377a24,24,0,0,0,34,0L435.28,133.32,471,169c15,15,41,4.5,41-17V24A24,24,0,0,0,488,0Z\"><\/path><\/svg>\t\t\t<\/a>\n\t\t<\/div>\n\t\t\t\t\t\t<\/div>\n\t\t\t\t<\/div>\n\t\t\t\t<\/div>\n\t\t<div class=\"elementor-element elementor-element-a514869 e-con-full e-flex e-con e-child\" data-id=\"a514869\" data-element_type=\"container\" data-e-type=\"container\">\n\t\t\t\t<div class=\"elementor-element elementor-element-5da4245 elementor-widget elementor-widget-text-editor\" data-id=\"5da4245\" data-element_type=\"widget\" data-e-type=\"widget\" data-widget_type=\"text-editor.default\">\n\t\t\t\t<div class=\"elementor-widget-container\">\n\t\t\t\t\t\t\t\t\t<p><a href=\"https:\/\/www.josefschule-gladbeck.de\/index.php\/mitglied-werden\/\">Mitglied werden<\/a><\/p>\t\t\t\t\t\t\t\t<\/div>\n\t\t\t\t<\/div>\n\t\t\t\t<\/div>\n\t\t\t\t\t<\/div>\n\t\t\t\t<\/div>\n\t\t\t\t<\/div>\n\t\t","protected":false},"excerpt":{"rendered":"<p>F\u00f6rderverein Der F\u00f6rderverein der Josefschule engagiert sich f\u00fcr eine lebendige, kreative und unterst\u00fctzende Schulgemeinschaft. Mit zus\u00e4tzlichen Mitteln erm\u00f6glichen wir Projekte und Anschaffungen, die \u00fcber die regul\u00e4re Schulfinanzierung hinausgehen. Dank Ihrer Unterst\u00fctzung f\u00f6rdern wir zum Beispiel: Klassen- und Schulfahrten, damit alle Kinder teilnehmen k\u00f6nnen Theaterbesuche und kulturelle Veranstaltungen Anschaffung von Lehr- und Lernmitteln, die nicht vom [&hellip;]<\/p>\n","protected":false},"author":2,"featured_media":0,"parent":0,"menu_order":0,"comment_status":"closed","ping_status":"closed","template":"","meta":{"footnotes":""},"class_list":["post-1110","page","type-page","status-publish","hentry"],"_links":{"self":[{"href":"https:\/\/www.josefschule-gladbeck.de\/index.php\/wp-json\/wp\/v2\/pages\/1110","targetHints":{"allow":["GET"]}}],"collection":[{"href":"https:\/\/www.josefschule-gladbeck.de\/index.php\/wp-json\/wp\/v2\/pages"}],"about":[{"href":"https:\/\/www.josefschule-gladbeck.de\/index.php\/wp-json\/wp\/v2\/types\/page"}],"author":[{"embeddable":true,"href":"https:\/\/www.josefschule-gladbeck.de\/index.php\/wp-json\/wp\/v2\/users\/2"}],"replies":[{"embeddable":true,"href":"https:\/\/www.josefschule-gladbeck.de\/index.php\/wp-json\/wp\/v2\/comments?post=1110"}],"version-history":[{"count":34,"href":"https:\/\/www.josefschule-gladbeck.de\/index.php\/wp-json\/wp\/v2\/pages\/1110\/revisions"}],"predecessor-version":[{"id":1992,"href":"https:\/\/www.josefschule-gladbeck.de\/index.php\/wp-json\/wp\/v2\/pages\/1110\/revisions\/1992"}],"wp:attachment":[{"href":"https:\/\/www.josefschule-gladbeck.de\/index.php\/wp-json\/wp\/v2\/media?parent=1110"}],"curies":[{"name":"wp","href":"https:\/\/api.w.org\/{rel}","templated":true}]}}