{"id":1145,"date":"2025-04-22T12:41:17","date_gmt":"2025-04-22T12:41:17","guid":{"rendered":"https:\/\/www.josefschule-gladbeck.de\/?page_id=1145"},"modified":"2025-06-15T20:46:09","modified_gmt":"2025-06-15T18:46:09","slug":"team","status":"publish","type":"page","link":"https:\/\/www.josefschule-gladbeck.de\/index.php\/team\/","title":{"rendered":"Team"},"content":{"rendered":"\t\t<div data-elementor-type=\"wp-page\" data-elementor-id=\"1145\" class=\"elementor elementor-1145\" data-elementor-post-type=\"page\">\n\t\t\t\t<div class=\"elementor-element elementor-element-d8a1c48 e-flex e-con-boxed e-con e-parent\" data-id=\"d8a1c48\" data-element_type=\"container\" data-e-type=\"container\">\n\t\t\t\t\t<div class=\"e-con-inner\">\n\t\t\t\t<div class=\"elementor-element elementor-element-52d0d72 elementor-widget__width-inherit elementor-widget elementor-widget-heading\" data-id=\"52d0d72\" data-element_type=\"widget\" data-e-type=\"widget\" data-widget_type=\"heading.default\">\n\t\t\t\t<div class=\"elementor-widget-container\">\n\t\t\t\t\t<h3 class=\"elementor-heading-title elementor-size-default\">Unser Team<\/h3>\t\t\t\t<\/div>\n\t\t\t\t<\/div>\n\t\t\t\t<div class=\"elementor-element elementor-element-d04e9bb elementor-widget elementor-widget-tablepress-table\" data-id=\"d04e9bb\" data-element_type=\"widget\" data-e-type=\"widget\" data-widget_type=\"tablepress-table.default\">\n\t\t\t\t\t\n<table id=\"tablepress-1\" class=\"tablepress tablepress-id-1\">\n<thead>\n<tr class=\"row-1\">\n\t<th class=\"column-1\">Vorname<\/th><th class=\"column-2\">Nachname<\/th><th class=\"column-3\">Funktion bei uns<\/th><th class=\"column-4\">Klasse<\/th>\n<\/tr>\n<\/thead>\n<tbody class=\"row-striping row-hover\">\n<tr class=\"row-2\">\n\t<td class=\"column-1\">Nuray<\/td><td class=\"column-2\">Kocaer<\/td><td class=\"column-3\">P\u00e4dagogische Mitarbeiterin<\/td><td class=\"column-4\">L\u00f6wen<\/td>\n<\/tr>\n<tr class=\"row-3\">\n\t<td class=\"column-1\">Nicol<\/td><td class=\"column-2\">Dassel<\/td><td class=\"column-3\">Klassenleitung<\/td><td class=\"column-4\">Eulen<\/td>\n<\/tr>\n<tr class=\"row-4\">\n\t<td class=\"column-1\">Nicole<\/td><td class=\"column-2\">Drochtert<\/td><td class=\"column-3\">Konrektorin und stellvertretende Schulleitung<\/td><td class=\"column-4\"><\/td>\n<\/tr>\n<tr class=\"row-5\">\n\t<td class=\"column-1\">Vera<\/td><td class=\"column-2\">Fink<\/td><td class=\"column-3\">Lehrerin<\/td><td class=\"column-4\"><\/td>\n<\/tr>\n<tr class=\"row-6\">\n\t<td class=\"column-1\">Christiane <\/td><td class=\"column-2\">Focke<\/td><td class=\"column-3\">Klassenleitung<\/td><td class=\"column-4\">Erdm\u00e4nnchen<\/td>\n<\/tr>\n<tr class=\"row-7\">\n\t<td class=\"column-1\">Rolf <\/td><td class=\"column-2\">Heina<\/td><td class=\"column-3\">Hausmeister<\/td><td class=\"column-4\"><\/td>\n<\/tr>\n<tr class=\"row-8\">\n\t<td class=\"column-1\">Lena <\/td><td class=\"column-2\">Held<\/td><td class=\"column-3\">Klassenleitung<\/td><td class=\"column-4\">Dachse<\/td>\n<\/tr>\n<tr class=\"row-9\">\n\t<td class=\"column-1\">Aileen<\/td><td class=\"column-2\">Hopp<\/td><td class=\"column-3\">P\u00e4dagogische Mitarbeiterin<\/td><td class=\"column-4\">Wombats<\/td>\n<\/tr>\n<tr class=\"row-10\">\n\t<td class=\"column-1\">Kerstin<\/td><td class=\"column-2\">Husemann<\/td><td class=\"column-3\">P\u00e4dagogische Mitarbeiterin<\/td><td class=\"column-4\">Pandas<\/td>\n<\/tr>\n<tr class=\"row-11\">\n\t<td class=\"column-1\">Anke <\/td><td class=\"column-2\">Klammer<\/td><td class=\"column-3\">P\u00e4dagogische Mitarbeiterin<\/td><td class=\"column-4\">Dachse<\/td>\n<\/tr>\n<tr class=\"row-12\">\n\t<td class=\"column-1\">Katja<\/td><td class=\"column-2\">Kuntze<\/td><td class=\"column-3\">Klassenleitung<\/td><td class=\"column-4\">Pandas<\/td>\n<\/tr>\n<tr class=\"row-13\">\n\t<td class=\"column-1\">Anke<\/td><td class=\"column-2\">Lenz<\/td><td class=\"column-3\">P\u00e4dagogische Mitarbeiterin<\/td><td class=\"column-4\">W\u00f6lfe<\/td>\n<\/tr>\n<tr class=\"row-14\">\n\t<td class=\"column-1\">Birte<\/td><td class=\"column-2\">Lieneke<\/td><td class=\"column-3\">Klassenleitung<\/td><td class=\"column-4\">W\u00f6lfe<\/td>\n<\/tr>\n<tr class=\"row-15\">\n\t<td class=\"column-1\">Karin<\/td><td class=\"column-2\">Menke<\/td><td class=\"column-3\">Sonderp\u00e4dagogik<\/td><td class=\"column-4\"><\/td>\n<\/tr>\n<tr class=\"row-16\">\n\t<td class=\"column-1\">Anne<\/td><td class=\"column-2\">M\u00f6ser<\/td><td class=\"column-3\">JeKITS, Lehrerin Musik<\/td><td class=\"column-4\"><\/td>\n<\/tr>\n<tr class=\"row-17\">\n\t<td class=\"column-1\">Aldona<\/td><td class=\"column-2\">Nagel<\/td><td class=\"column-3\">Schulverwaltungsassistenz<\/td><td class=\"column-4\"><\/td>\n<\/tr>\n<tr class=\"row-18\">\n\t<td class=\"column-1\">Carina<\/td><td class=\"column-2\">Nowotka<\/td><td class=\"column-3\">Klassenleitung<\/td><td class=\"column-4\">Schildkr\u00f6ten<\/td>\n<\/tr>\n<tr class=\"row-19\">\n\t<td class=\"column-1\">Kimberly<\/td><td class=\"column-2\">Rusin<\/td><td class=\"column-3\">P\u00e4dagogische Mitarbeiterin<\/td><td class=\"column-4\">L\u00f6wen<\/td>\n<\/tr>\n<tr class=\"row-20\">\n\t<td class=\"column-1\">Nicole<\/td><td class=\"column-2\">Schulz<\/td><td class=\"column-3\">Sekretariat<\/td><td class=\"column-4\"><\/td>\n<\/tr>\n<tr class=\"row-21\">\n\t<td class=\"column-1\">Sophie<\/td><td class=\"column-2\">Schulz<\/td><td class=\"column-3\">Klassenleitung<\/td><td class=\"column-4\">Eichh\u00f6rnchen<\/td>\n<\/tr>\n<tr class=\"row-22\">\n\t<td class=\"column-1\">Michaela<\/td><td class=\"column-2\">Sypitzki<\/td><td class=\"column-3\">Alltagshilfe<\/td><td class=\"column-4\"><\/td>\n<\/tr>\n<tr class=\"row-23\">\n\t<td class=\"column-1\">Thorsten<\/td><td class=\"column-2\">Smitkowski<\/td><td class=\"column-3\">Klassenleitung<\/td><td class=\"column-4\">Otter<\/td>\n<\/tr>\n<tr class=\"row-24\">\n\t<td class=\"column-1\">Honorata<\/td><td class=\"column-2\">Smolka<\/td><td class=\"column-3\">P\u00e4dagogische Mitarbeiterin<\/td><td class=\"column-4\">Pandas<\/td>\n<\/tr>\n<tr class=\"row-25\">\n\t<td class=\"column-1\">Honorata<\/td><td class=\"column-2\">Stein<\/td><td class=\"column-3\">P\u00e4dagogische Mitarbeiterin<\/td><td class=\"column-4\">W\u00f6lfe<\/td>\n<\/tr>\n<tr class=\"row-26\">\n\t<td class=\"column-1\">Jessica <\/td><td class=\"column-2\">Thanner<\/td><td class=\"column-3\">P\u00e4dagogische Mitarbeiterin<\/td><td class=\"column-4\">Erdm\u00e4nnchen<\/td>\n<\/tr>\n<tr class=\"row-27\">\n\t<td class=\"column-1\">Eva<\/td><td class=\"column-2\">Tippler<\/td><td class=\"column-3\">Leitung Ganztag, Lehrerin<\/td><td class=\"column-4\"><\/td>\n<\/tr>\n<tr class=\"row-28\">\n\t<td class=\"column-1\">Andrea<\/td><td class=\"column-2\">van der Wouw<\/td><td class=\"column-3\">Klassenleitung<\/td><td class=\"column-4\">L\u00f6wen<\/td>\n<\/tr>\n<tr class=\"row-29\">\n\t<td class=\"column-1\">Vanessa<\/td><td class=\"column-2\">van Doorn<\/td><td class=\"column-3\">Klassenleitung<\/td><td class=\"column-4\">Wombats<\/td>\n<\/tr>\n<tr class=\"row-30\">\n\t<td class=\"column-1\">Jannik<\/td><td class=\"column-2\">Weist<\/td><td class=\"column-3\">Lehrer Sport<\/td><td class=\"column-4\"><\/td>\n<\/tr>\n<tr class=\"row-31\">\n\t<td class=\"column-1\">Ceren<\/td><td class=\"column-2\">Yilmaz<\/td><td class=\"column-3\">P\u00e4dagogische Mitarbeiterin<\/td><td class=\"column-4\">Wombats<\/td>\n<\/tr>\n<tr class=\"row-32\">\n\t<td class=\"column-1\">Lisa<\/td><td class=\"column-2\">Weinberg<\/td><td class=\"column-3\">P\u00e4dagogische Mitarbeiterin<\/td><td class=\"column-4\">Dachse<\/td>\n<\/tr>\n<tr class=\"row-33\">\n\t<td class=\"column-1\">Ilona<\/td><td class=\"column-2\">Schrenk<\/td><td class=\"column-3\">P\u00e4dagogische Mitarbeiterin<\/td><td class=\"column-4\"><\/td>\n<\/tr>\n<tr class=\"row-34\">\n\t<td class=\"column-1\">Sabrina<\/td><td class=\"column-2\">Stolp<\/td><td class=\"column-3\">P\u00e4dagogische Mitarbeiterin<\/td><td class=\"column-4\">Verl\u00e4ssliche Grundschule<\/td>\n<\/tr>\n<tr class=\"row-35\">\n\t<td class=\"column-1\">Bettina<\/td><td class=\"column-2\">Gro\u00df<\/td><td class=\"column-3\">P\u00e4dagogische Mitarbeiterin<\/td><td class=\"column-4\">Verl\u00e4ssliche Grundschule<\/td>\n<\/tr>\n<tr class=\"row-36\">\n\t<td class=\"column-1\">Erika<\/td><td class=\"column-2\">Mondry<\/td><td class=\"column-3\">P\u00e4dagogische Mitarbeiterin<\/td><td class=\"column-4\">Erdm\u00e4nnchen<\/td>\n<\/tr>\n<tr class=\"row-37\">\n\t<td class=\"column-1\">Christiane<\/td><td class=\"column-2\">Sinnwell<\/td><td class=\"column-3\">Leitung K\u00fcche<\/td><td class=\"column-4\"><\/td>\n<\/tr>\n<tr class=\"row-38\">\n\t<td class=\"column-1\">Elisabeth<\/td><td class=\"column-2\">Mickert<\/td><td class=\"column-3\">Hausreinigung<\/td><td class=\"column-4\"><\/td>\n<\/tr>\n<tr class=\"row-39\">\n\t<td class=\"column-1\">Gaby<\/td><td class=\"column-2\">Opiolka<\/td><td class=\"column-3\">Hausreinigung<\/td><td class=\"column-4\"><\/td>\n<\/tr>\n<tr class=\"row-40\">\n\t<td class=\"column-1\">Fatime<\/td><td class=\"column-2\">Elieyi<\/td><td class=\"column-3\">Mitarbeiterin K\u00fcche<\/td><td class=\"column-4\"><\/td>\n<\/tr>\n<tr class=\"row-41\">\n\t<td class=\"column-1\">Anja<\/td><td class=\"column-2\">Rogozinski<\/td><td class=\"column-3\">Mitarbeiterin K\u00fcche<\/td><td class=\"column-4\"><\/td>\n<\/tr>\n<tr class=\"row-42\">\n\t<td class=\"column-1\">Bianca<\/td><td class=\"column-2\">Koepernik<\/td><td class=\"column-3\">Sozialp\u00e4dagogik<\/td><td class=\"column-4\"><\/td>\n<\/tr>\n<tr class=\"row-43\">\n\t<td class=\"column-1\">Julia<\/td><td class=\"column-2\">Hegemann<\/td><td class=\"column-3\">Sozialp\u00e4dagogik<\/td><td class=\"column-4\"><\/td>\n<\/tr>\n<tr class=\"row-44\">\n\t<td class=\"column-1\">Sabrina<\/td><td class=\"column-2\">W\u00e4chter<\/td><td class=\"column-3\">Lehrerin Sport<\/td><td class=\"column-4\"><\/td>\n<\/tr>\n<\/tbody>\n<\/table>\n<!-- #tablepress-1 from cache -->\t\t\t\t<\/div>\n\t\t\t\t\t<\/div>\n\t\t\t\t<\/div>\n\t\t\t\t<\/div>\n\t\t","protected":false},"excerpt":{"rendered":"<p>Unser Team Bearbeiten Vorname Nachname Funktion bei uns Klasse Nuray Kocaer P\u00e4dagogische Mitarbeiterin L\u00f6wen Nicol Dassel Klassenleitung Eulen Nicole Drochtert Konrektorin und stellvertretende Schulleitung Vera Fink Lehrerin Christiane Focke Klassenleitung Erdm\u00e4nnchen Rolf Heina Hausmeister Lena Held Klassenleitung Dachse Aileen Hopp P\u00e4dagogische Mitarbeiterin Wombats Kerstin Husemann P\u00e4dagogische Mitarbeiterin Pandas Anke Klammer P\u00e4dagogische Mitarbeiterin Dachse Katja Kuntze [&hellip;]<\/p>\n","protected":false},"author":2,"featured_media":0,"parent":0,"menu_order":0,"comment_status":"closed","ping_status":"closed","template":"","meta":{"footnotes":""},"class_list":["post-1145","page","type-page","status-publish","hentry"],"_links":{"self":[{"href":"https:\/\/www.josefschule-gladbeck.de\/index.php\/wp-json\/wp\/v2\/pages\/1145","targetHints":{"allow":["GET"]}}],"collection":[{"href":"https:\/\/www.josefschule-gladbeck.de\/index.php\/wp-json\/wp\/v2\/pages"}],"about":[{"href":"https:\/\/www.josefschule-gladbeck.de\/index.php\/wp-json\/wp\/v2\/types\/page"}],"author":[{"embeddable":true,"href":"https:\/\/www.josefschule-gladbeck.de\/index.php\/wp-json\/wp\/v2\/users\/2"}],"replies":[{"embeddable":true,"href":"https:\/\/www.josefschule-gladbeck.de\/index.php\/wp-json\/wp\/v2\/comments?post=1145"}],"version-history":[{"count":36,"href":"https:\/\/www.josefschule-gladbeck.de\/index.php\/wp-json\/wp\/v2\/pages\/1145\/revisions"}],"predecessor-version":[{"id":1927,"href":"https:\/\/www.josefschule-gladbeck.de\/index.php\/wp-json\/wp\/v2\/pages\/1145\/revisions\/1927"}],"wp:attachment":[{"href":"https:\/\/www.josefschule-gladbeck.de\/index.php\/wp-json\/wp\/v2\/media?parent=1145"}],"curies":[{"name":"wp","href":"https:\/\/api.w.org\/{rel}","templated":true}]}}