{"id":132,"date":"2024-10-21T12:00:30","date_gmt":"2024-10-21T12:00:30","guid":{"rendered":"https:\/\/www.josefschule-gladbeck.de\/?page_id=132"},"modified":"2026-03-08T21:10:06","modified_gmt":"2026-03-08T20:10:06","slug":"downloads","status":"publish","type":"page","link":"https:\/\/www.josefschule-gladbeck.de\/index.php\/downloads\/","title":{"rendered":"Weiterlesen"},"content":{"rendered":"\t\t<div data-elementor-type=\"wp-page\" data-elementor-id=\"132\" class=\"elementor elementor-132\" data-elementor-post-type=\"page\">\n\t\t\t\t<div class=\"elementor-element elementor-element-ce5f8fb e-flex e-con-boxed e-con e-parent\" data-id=\"ce5f8fb\" data-element_type=\"container\" data-e-type=\"container\">\n\t\t\t\t\t<div class=\"e-con-inner\">\n\t\t\t\t<div class=\"elementor-element elementor-element-6207703 elementor-widget elementor-widget-heading\" data-id=\"6207703\" data-element_type=\"widget\" data-e-type=\"widget\" data-widget_type=\"heading.default\">\n\t\t\t\t<div class=\"elementor-widget-container\">\n\t\t\t\t\t<h3 class=\"elementor-heading-title elementor-size-default\">Links<\/h3>\t\t\t\t<\/div>\n\t\t\t\t<\/div>\n\t\t\t\t\t<\/div>\n\t\t\t\t<\/div>\n\t\t<div class=\"elementor-element elementor-element-5b1ee58 e-flex e-con-boxed e-con e-parent\" data-id=\"5b1ee58\" data-element_type=\"container\" data-e-type=\"container\">\n\t\t\t\t\t<div class=\"e-con-inner\">\n\t\t\t\t<div class=\"elementor-element elementor-element-befb51f elementor-widget elementor-widget-text-editor\" data-id=\"befb51f\" data-element_type=\"widget\" data-e-type=\"widget\" data-widget_type=\"text-editor.default\">\n\t\t\t\t<div class=\"elementor-widget-container\">\n\t\t\t\t\t\t\t\t\t<p>Hier finden Sie Links zu p\u00e4dagogischen Themen.<\/p>\t\t\t\t\t\t\t\t<\/div>\n\t\t\t\t<\/div>\n\t\t\t\t\t<\/div>\n\t\t\t\t<\/div>\n\t\t<div class=\"elementor-element elementor-element-3c38ff8 e-flex e-con-boxed e-con e-parent\" data-id=\"3c38ff8\" data-element_type=\"container\" data-e-type=\"container\">\n\t\t\t\t\t<div class=\"e-con-inner\">\n\t\t<div class=\"elementor-element elementor-element-8156702 e-con-full e-flex e-con e-child\" data-id=\"8156702\" data-element_type=\"container\" data-e-type=\"container\">\n\t\t\t\t<div class=\"elementor-element elementor-element-d4434e5 elementor-widget elementor-widget-image\" data-id=\"d4434e5\" data-element_type=\"widget\" data-e-type=\"widget\" data-widget_type=\"image.default\">\n\t\t\t\t<div class=\"elementor-widget-container\">\n\t\t\t\t\t\t\t\t\t\t\t\t\t\t\t<img decoding=\"async\" src=\"https:\/\/www.josefschule-gladbeck.de\/wp-content\/uploads\/elementor\/thumbs\/klicksafe_Logo_RGB_72dpi-rk7yttnhhrmon2dnanoauexdn5eu1c5lscpu9t6ubk.png\" title=\"klicksafe_Logo_RGB_72dpi\" alt=\"klicksafe_Logo_RGB_72dpi\" loading=\"lazy\" \/>\t\t\t\t\t\t\t\t\t\t\t\t\t\t\t<\/div>\n\t\t\t\t<\/div>\n\t\t\t\t<\/div>\n\t\t<div class=\"elementor-element elementor-element-0ecb2a7 e-con-full e-flex e-con e-child\" data-id=\"0ecb2a7\" data-element_type=\"container\" data-e-type=\"container\">\n\t\t\t\t<div class=\"elementor-element elementor-element-c554d38 elementor-widget elementor-widget-text-editor\" data-id=\"c554d38\" data-element_type=\"widget\" data-e-type=\"widget\" data-widget_type=\"text-editor.default\">\n\t\t\t\t<div class=\"elementor-widget-container\">\n\t\t\t\t\t\t\t\t\t<p><b>klicksafe<\/b><\/p><p>Sicherheit im Internet f\u00fcr Eltern und p\u00e4dagogische Fachkr\u00e4fte:<\/p><p><a href=\"https:\/\/www.klicksafe.de\">Link zur Homepage<\/a><\/p><p><a href=\"https:\/\/www.klicksafe.de\/fileadmin\/cms\/download\/Material\/Mediensicher-in-die-Schule_Flyer_klicksafe.pdf\">Link zur Brosch\u00fcre <em>Mediensicher in die Schule<\/em><\/a><\/p>\t\t\t\t\t\t\t\t<\/div>\n\t\t\t\t<\/div>\n\t\t\t\t<\/div>\n\t\t\t\t\t<\/div>\n\t\t\t\t<\/div>\n\t\t<div class=\"elementor-element elementor-element-e46eb3d e-flex e-con-boxed e-con e-parent\" data-id=\"e46eb3d\" data-element_type=\"container\" data-e-type=\"container\">\n\t\t\t\t\t<div class=\"e-con-inner\">\n\t\t<div class=\"elementor-element elementor-element-ae11d6b e-con-full e-flex e-con e-child\" data-id=\"ae11d6b\" data-element_type=\"container\" data-e-type=\"container\">\n\t\t\t\t<div class=\"elementor-element elementor-element-ca614a8 elementor-widget elementor-widget-image\" data-id=\"ca614a8\" data-element_type=\"widget\" data-e-type=\"widget\" data-widget_type=\"image.default\">\n\t\t\t\t<div class=\"elementor-widget-container\">\n\t\t\t\t\t\t\t\t\t\t\t\t\t\t\t\t<a href=\"https:\/\/mahiko.dzlm.de\">\n\t\t\t\t\t\t\t<img decoding=\"async\" src=\"https:\/\/www.josefschule-gladbeck.de\/wp-content\/uploads\/elementor\/thumbs\/Bildschirmfoto-2025-04-26-um-13.37.47-r4xdbq1yqghcruklutrxmups0vbnedfwsh691ymcqo.png\" title=\"Bildschirmfoto 2025-04-26 um 13.37.47\" alt=\"Bildschirmfoto 2025-04-26 um 13.37.47\" loading=\"lazy\" \/>\t\t\t\t\t\t\t\t<\/a>\n\t\t\t\t\t\t\t\t\t\t\t\t\t\t\t<\/div>\n\t\t\t\t<\/div>\n\t\t\t\t<\/div>\n\t\t<div class=\"elementor-element elementor-element-af3a6e0 e-con-full e-flex e-con e-child\" data-id=\"af3a6e0\" data-element_type=\"container\" data-e-type=\"container\">\n\t\t\t\t<div class=\"elementor-element elementor-element-69ec51a elementor-widget elementor-widget-text-editor\" data-id=\"69ec51a\" data-element_type=\"widget\" data-e-type=\"widget\" data-widget_type=\"text-editor.default\">\n\t\t\t\t<div class=\"elementor-widget-container\">\n\t\t\t\t\t\t\t\t\t<p><a href=\"https:\/\/mahiko.dzlm.de\"><b>Mahiko<\/b><\/a><\/p><p><a href=\"https:\/\/mahiko.dzlm.de\">Lernvideos, erkl\u00e4rende Texte und \u00dcbungsmaterialien f\u00fcr Erwachsene sowie Lernvideos f\u00fcr Kinder.<\/a><\/p>\t\t\t\t\t\t\t\t<\/div>\n\t\t\t\t<\/div>\n\t\t\t\t<\/div>\n\t\t\t\t\t<\/div>\n\t\t\t\t<\/div>\n\t\t<div class=\"elementor-element elementor-element-35211f6 e-flex e-con-boxed e-con e-parent\" data-id=\"35211f6\" data-element_type=\"container\" data-e-type=\"container\">\n\t\t\t\t\t<div class=\"e-con-inner\">\n\t\t<div class=\"elementor-element elementor-element-d618b0c e-con-full e-flex e-con e-child\" data-id=\"d618b0c\" data-element_type=\"container\" data-e-type=\"container\">\n\t\t\t\t<div class=\"elementor-element elementor-element-bf568e2 elementor-widget elementor-widget-image\" data-id=\"bf568e2\" data-element_type=\"widget\" data-e-type=\"widget\" data-widget_type=\"image.default\">\n\t\t\t\t<div class=\"elementor-widget-container\">\n\t\t\t\t\t\t\t\t\t\t\t\t\t\t\t\t<a href=\"https:\/\/www.mit-kindern-lernen.ch\">\n\t\t\t\t\t\t\t<img decoding=\"async\" src=\"https:\/\/www.josefschule-gladbeck.de\/wp-content\/uploads\/elementor\/thumbs\/Bildschirmfoto-2025-04-26-um-14.32.52-r4xdzn24mp828bkdmrtfxj1077aadpl5o7asupt88w.png\" title=\"Bildschirmfoto 2025-04-26 um 14.32.52\" alt=\"Bildschirmfoto 2025-04-26 um 14.32.52\" loading=\"lazy\" \/>\t\t\t\t\t\t\t\t<\/a>\n\t\t\t\t\t\t\t\t\t\t\t\t\t\t\t<\/div>\n\t\t\t\t<\/div>\n\t\t\t\t<\/div>\n\t\t<div class=\"elementor-element elementor-element-0a0be6e e-con-full e-flex e-con e-child\" data-id=\"0a0be6e\" data-element_type=\"container\" data-e-type=\"container\">\n\t\t\t\t<div class=\"elementor-element elementor-element-5190065 elementor-widget elementor-widget-text-editor\" data-id=\"5190065\" data-element_type=\"widget\" data-e-type=\"widget\" data-widget_type=\"text-editor.default\">\n\t\t\t\t<div class=\"elementor-widget-container\">\n\t\t\t\t\t\t\t\t\t<p><a href=\"https:\/\/www.mit-kindern-lernen.ch\"><strong>Akademie f\u00fcr Lerncoaching<\/strong><\/a><\/p><p><a href=\"https:\/\/www.mit-kindern-lernen.ch\">Unter anderem: Tipps zum Lernen mit Grundschulkindern sowie ein Online-Kurs zu diesem Thema.<\/a><\/p>\t\t\t\t\t\t\t\t<\/div>\n\t\t\t\t<\/div>\n\t\t\t\t<\/div>\n\t\t\t\t\t<\/div>\n\t\t\t\t<\/div>\n\t\t<div class=\"elementor-element elementor-element-45b1363 e-flex e-con-boxed e-con e-parent\" data-id=\"45b1363\" data-element_type=\"container\" data-e-type=\"container\">\n\t\t\t\t\t<div class=\"e-con-inner\">\n\t\t<div class=\"elementor-element elementor-element-6224335 e-con-full e-flex e-con e-child\" data-id=\"6224335\" data-element_type=\"container\" data-e-type=\"container\">\n\t\t\t\t<div class=\"elementor-element elementor-element-242c53a elementor-widget elementor-widget-image\" data-id=\"242c53a\" data-element_type=\"widget\" data-e-type=\"widget\" data-widget_type=\"image.default\">\n\t\t\t\t<div class=\"elementor-widget-container\">\n\t\t\t\t\t\t\t\t\t\t\t\t\t\t\t\t<a href=\"https:\/\/landeselternschaft-nrw.de\">\n\t\t\t\t\t\t\t<img decoding=\"async\" src=\"https:\/\/www.josefschule-gladbeck.de\/wp-content\/uploads\/elementor\/thumbs\/Bild-3-r5pc83qwcc1bytuw4xsq3fgfjcbfu9goeyhriz84cq.jpeg\" title=\"Bild 3\" alt=\"Bild 3\" loading=\"lazy\" \/>\t\t\t\t\t\t\t\t<\/a>\n\t\t\t\t\t\t\t\t\t\t\t\t\t\t\t<\/div>\n\t\t\t\t<\/div>\n\t\t\t\t<\/div>\n\t\t<div class=\"elementor-element elementor-element-b19d4c3 e-con-full e-flex e-con e-child\" data-id=\"b19d4c3\" data-element_type=\"container\" data-e-type=\"container\">\n\t\t\t\t<div class=\"elementor-element elementor-element-40a9fc8 elementor-widget elementor-widget-text-editor\" data-id=\"40a9fc8\" data-element_type=\"widget\" data-e-type=\"widget\" data-widget_type=\"text-editor.default\">\n\t\t\t\t<div class=\"elementor-widget-container\">\n\t\t\t\t\t\t\t\t\t<p><a href=\"https:\/\/landeselternschaft-nrw.de\"><strong>Landeselternschaft NRW<\/strong><\/a><\/p><p><a href=\"https:\/\/landeselternschaft-nrw.de\">Die Landeselternschaft vertritt auf Landesebene die Interessen von Grundschuleltern, informiert und vernetzt.<\/a><\/p>\t\t\t\t\t\t\t\t<\/div>\n\t\t\t\t<\/div>\n\t\t\t\t<\/div>\n\t\t\t\t\t<\/div>\n\t\t\t\t<\/div>\n\t\t<div class=\"elementor-element elementor-element-78d66fd e-flex e-con-boxed e-con e-parent\" data-id=\"78d66fd\" data-element_type=\"container\" data-e-type=\"container\">\n\t\t\t\t\t<div class=\"e-con-inner\">\n\t\t<div class=\"elementor-element elementor-element-0b6d806 e-con-full e-flex e-con e-child\" data-id=\"0b6d806\" data-element_type=\"container\" data-e-type=\"container\">\n\t\t\t\t<div class=\"elementor-element elementor-element-01c3dd4 elementor-widget__width-initial elementor-widget elementor-widget-image\" data-id=\"01c3dd4\" data-element_type=\"widget\" data-e-type=\"widget\" data-widget_type=\"image.default\">\n\t\t\t\t<div class=\"elementor-widget-container\">\n\t\t\t\t\t\t\t\t\t\t\t\t\t\t\t<img decoding=\"async\" src=\"https:\/\/www.josefschule-gladbeck.de\/wp-content\/uploads\/elementor\/thumbs\/st.-ange-r5tb2g6kvd9v3wrrz1bxfyfdujuoeicawys34crocg.png\" title=\"st. ange\" alt=\"st. ange\" loading=\"lazy\" \/>\t\t\t\t\t\t\t\t\t\t\t\t\t\t\t<\/div>\n\t\t\t\t<\/div>\n\t\t\t\t<\/div>\n\t\t<div class=\"elementor-element elementor-element-87ce10a e-con-full e-flex e-con e-child\" data-id=\"87ce10a\" data-element_type=\"container\" data-e-type=\"container\">\n\t\t\t\t<div class=\"elementor-element elementor-element-3fa5ccc elementor-widget elementor-widget-text-editor\" data-id=\"3fa5ccc\" data-element_type=\"widget\" data-e-type=\"widget\" data-widget_type=\"text-editor.default\">\n\t\t\t\t<div class=\"elementor-widget-container\">\n\t\t\t\t\t\t\t\t\t<p><strong>Caroline von St. Ange<\/strong><\/p><p><a href=\"https:\/\/www.learnlearningwithcaroline.com\/_files\/ugd\/450816_96c2c34ac5e64e5689ab70df60baea88.pdf\">pdf: 17 Lernmethoden<\/a><\/p><p><a href=\"https:\/\/www.learnlearningwithcaroline.com\/_files\/ugd\/450816_7cfbf2ad94bb4b17a7ae109a4ce427cf.pdf\">pdf: Lese-Tipps<\/a><\/p><p><a href=\"https:\/\/www.learnlearningwithcaroline.com\/_files\/ugd\/10c776_7f908894e49c47d8845dd9bff5fa601d.pdf\">pdf: Aufgabenstellung verstehen<\/a><\/p>\t\t\t\t\t\t\t\t<\/div>\n\t\t\t\t<\/div>\n\t\t\t\t<\/div>\n\t\t\t\t\t<\/div>\n\t\t\t\t<\/div>\n\t\t\t\t<\/div>\n\t\t","protected":false},"excerpt":{"rendered":"<p>Links Hier finden Sie Links zu p\u00e4dagogischen Themen. klicksafe Sicherheit im Internet f\u00fcr Eltern und p\u00e4dagogische Fachkr\u00e4fte: Link zur Homepage Link zur Brosch\u00fcre Mediensicher in die Schule Mahiko Lernvideos, erkl\u00e4rende Texte und \u00dcbungsmaterialien f\u00fcr Erwachsene sowie Lernvideos f\u00fcr Kinder. Akademie f\u00fcr Lerncoaching Unter anderem: Tipps zum Lernen mit Grundschulkindern sowie ein Online-Kurs zu diesem Thema. [&hellip;]<\/p>\n","protected":false},"author":2,"featured_media":0,"parent":0,"menu_order":0,"comment_status":"closed","ping_status":"closed","template":"","meta":{"footnotes":""},"class_list":["post-132","page","type-page","status-publish","hentry"],"_links":{"self":[{"href":"https:\/\/www.josefschule-gladbeck.de\/index.php\/wp-json\/wp\/v2\/pages\/132","targetHints":{"allow":["GET"]}}],"collection":[{"href":"https:\/\/www.josefschule-gladbeck.de\/index.php\/wp-json\/wp\/v2\/pages"}],"about":[{"href":"https:\/\/www.josefschule-gladbeck.de\/index.php\/wp-json\/wp\/v2\/types\/page"}],"author":[{"embeddable":true,"href":"https:\/\/www.josefschule-gladbeck.de\/index.php\/wp-json\/wp\/v2\/users\/2"}],"replies":[{"embeddable":true,"href":"https:\/\/www.josefschule-gladbeck.de\/index.php\/wp-json\/wp\/v2\/comments?post=132"}],"version-history":[{"count":96,"href":"https:\/\/www.josefschule-gladbeck.de\/index.php\/wp-json\/wp\/v2\/pages\/132\/revisions"}],"predecessor-version":[{"id":2234,"href":"https:\/\/www.josefschule-gladbeck.de\/index.php\/wp-json\/wp\/v2\/pages\/132\/revisions\/2234"}],"wp:attachment":[{"href":"https:\/\/www.josefschule-gladbeck.de\/index.php\/wp-json\/wp\/v2\/media?parent=132"}],"curies":[{"name":"wp","href":"https:\/\/api.w.org\/{rel}","templated":true}]}}