{"id":143,"date":"2024-10-21T16:28:21","date_gmt":"2024-10-21T16:28:21","guid":{"rendered":"https:\/\/www.josefschule-gladbeck.de\/?page_id=143"},"modified":"2025-06-15T22:17:23","modified_gmt":"2025-06-15T20:17:23","slug":"aus-den-klassen","status":"publish","type":"page","link":"https:\/\/www.josefschule-gladbeck.de\/index.php\/aus-den-klassen\/","title":{"rendered":"Aus den Klassen"},"content":{"rendered":"\t\t<div data-elementor-type=\"wp-page\" data-elementor-id=\"143\" class=\"elementor elementor-143\" data-elementor-post-type=\"page\">\n\t\t\t\t<div class=\"elementor-element elementor-element-8c52fe5 e-con-full e-flex e-con e-parent\" data-id=\"8c52fe5\" data-element_type=\"container\" data-e-type=\"container\">\n\t\t\t\t<div class=\"elementor-element elementor-element-07d2cbf elementor-widget elementor-widget-heading\" data-id=\"07d2cbf\" data-element_type=\"widget\" data-e-type=\"widget\" data-widget_type=\"heading.default\">\n\t\t\t\t<div class=\"elementor-widget-container\">\n\t\t\t\t\t<h3 class=\"elementor-heading-title elementor-size-default\">Aus den Klassen<\/h3>\t\t\t\t<\/div>\n\t\t\t\t<\/div>\n\t\t\t\t<div class=\"elementor-element elementor-element-d788696 elementor-widget__width-initial elementor-grid-3 elementor-grid-tablet-2 elementor-grid-mobile-1 elementor-posts--thumbnail-top elementor-card-shadow-yes elementor-posts__hover-gradient load-more-align-center elementor-widget elementor-widget-posts\" data-id=\"d788696\" data-element_type=\"widget\" data-e-type=\"widget\" data-settings=\"{&quot;pagination_type&quot;:&quot;load_more_on_click&quot;,&quot;cards_columns&quot;:&quot;3&quot;,&quot;cards_columns_tablet&quot;:&quot;2&quot;,&quot;cards_columns_mobile&quot;:&quot;1&quot;,&quot;cards_row_gap&quot;:{&quot;unit&quot;:&quot;px&quot;,&quot;size&quot;:35,&quot;sizes&quot;:[]},&quot;cards_row_gap_tablet&quot;:{&quot;unit&quot;:&quot;px&quot;,&quot;size&quot;:&quot;&quot;,&quot;sizes&quot;:[]},&quot;cards_row_gap_mobile&quot;:{&quot;unit&quot;:&quot;px&quot;,&quot;size&quot;:&quot;&quot;,&quot;sizes&quot;:[]},&quot;load_more_spinner&quot;:{&quot;value&quot;:&quot;fas fa-spinner&quot;,&quot;library&quot;:&quot;fa-solid&quot;}}\" data-widget_type=\"posts.cards\">\n\t\t\t\t<div class=\"elementor-widget-container\">\n\t\t\t\t\t\t\t<div class=\"elementor-posts-container elementor-posts elementor-posts--skin-cards elementor-grid\">\n\t\t\t\t<article class=\"elementor-post elementor-grid-item post-2295 post type-post status-publish format-standard has-post-thumbnail hentry category-uncategorized\">\n\t\t\t<div class=\"elementor-post__card\">\n\t\t\t\t<a class=\"elementor-post__thumbnail__link\" href=\"https:\/\/www.josefschule-gladbeck.de\/index.php\/2026\/04\/14\/baumpflanzaktion-der-1-klassen-gemeinsam-wachsen-und-die-umwelt-schuetzen\/\" tabindex=\"-1\" ><div class=\"elementor-post__thumbnail\"><img fetchpriority=\"high\" decoding=\"async\" width=\"768\" height=\"819\" src=\"https:\/\/www.josefschule-gladbeck.de\/wp-content\/uploads\/2026\/04\/PHOTO-2026-04-14-09-54-12-768x819.jpg\" class=\"attachment-medium_large size-medium_large wp-image-2296\" alt=\"\" srcset=\"https:\/\/www.josefschule-gladbeck.de\/wp-content\/uploads\/2026\/04\/PHOTO-2026-04-14-09-54-12-768x819.jpg 768w, https:\/\/www.josefschule-gladbeck.de\/wp-content\/uploads\/2026\/04\/PHOTO-2026-04-14-09-54-12-281x300.jpg 281w, https:\/\/www.josefschule-gladbeck.de\/wp-content\/uploads\/2026\/04\/PHOTO-2026-04-14-09-54-12-960x1024.jpg 960w, https:\/\/www.josefschule-gladbeck.de\/wp-content\/uploads\/2026\/04\/PHOTO-2026-04-14-09-54-12-1440x1536.jpg 1440w, https:\/\/www.josefschule-gladbeck.de\/wp-content\/uploads\/2026\/04\/PHOTO-2026-04-14-09-54-12.jpg 1500w\" sizes=\"(max-width: 768px) 100vw, 768px\" \/><\/div><\/a>\n\t\t\t\t<div class=\"elementor-post__text\">\n\t\t\t\t<h3 class=\"elementor-post__title\">\n\t\t\t<a href=\"https:\/\/www.josefschule-gladbeck.de\/index.php\/2026\/04\/14\/baumpflanzaktion-der-1-klassen-gemeinsam-wachsen-und-die-umwelt-schuetzen\/\" >\n\t\t\t\tBaumpflanzaktion der 1. Klassen \u2013 gemeinsam wachsen und die Umwelt sch\u00fctzen \ud83c\udf31\ud83c\udf33\t\t\t<\/a>\n\t\t<\/h3>\n\t\t\t\t<div class=\"elementor-post__excerpt\">\n\t\t\t<p>So wie die vierten Klassen der Josefschule vor Kurzem ihre B\u00e4ume ausgepflanzt haben, durften heute unsere Erstkl\u00e4ssler ihre eigenen B\u00e4ume einpflanzen. F\u00fcr die Kinder ist<\/p>\n\t\t<\/div>\n\t\t\n\t\t<a class=\"elementor-post__read-more\" href=\"https:\/\/www.josefschule-gladbeck.de\/index.php\/2026\/04\/14\/baumpflanzaktion-der-1-klassen-gemeinsam-wachsen-und-die-umwelt-schuetzen\/\" aria-label=\"Mehr \u00fcber Baumpflanzaktion der 1. Klassen \u2013 gemeinsam wachsen und die Umwelt sch\u00fctzen \ud83c\udf31\ud83c\udf33\" tabindex=\"-1\" >\n\t\t\tWeiterlesen \u00bb\t\t<\/a>\n\n\t\t\t\t<\/div>\n\t\t\t\t<div class=\"elementor-post__meta-data\">\n\t\t\t\t\t<span class=\"elementor-post-date\">\n\t\t\t14. April 2026\t\t<\/span>\n\t\t\t\t<\/div>\n\t\t\t\t\t<\/div>\n\t\t<\/article>\n\t\t\t\t<article class=\"elementor-post elementor-grid-item post-2287 post type-post status-publish format-standard has-post-thumbnail hentry category-uncategorized\">\n\t\t\t<div class=\"elementor-post__card\">\n\t\t\t\t<a class=\"elementor-post__thumbnail__link\" href=\"https:\/\/www.josefschule-gladbeck.de\/index.php\/2026\/03\/26\/lesenacht-der-pandas-und-erdmaennchen\/\" tabindex=\"-1\" ><div class=\"elementor-post__thumbnail\"><img decoding=\"async\" width=\"768\" height=\"576\" src=\"https:\/\/www.josefschule-gladbeck.de\/wp-content\/uploads\/2026\/04\/IMG_8173-768x576.jpg\" class=\"attachment-medium_large size-medium_large wp-image-2289\" alt=\"\" srcset=\"https:\/\/www.josefschule-gladbeck.de\/wp-content\/uploads\/2026\/04\/IMG_8173-768x576.jpg 768w, https:\/\/www.josefschule-gladbeck.de\/wp-content\/uploads\/2026\/04\/IMG_8173-300x225.jpg 300w, https:\/\/www.josefschule-gladbeck.de\/wp-content\/uploads\/2026\/04\/IMG_8173-1024x768.jpg 1024w, https:\/\/www.josefschule-gladbeck.de\/wp-content\/uploads\/2026\/04\/IMG_8173-1536x1152.jpg 1536w, https:\/\/www.josefschule-gladbeck.de\/wp-content\/uploads\/2026\/04\/IMG_8173.jpg 2028w\" sizes=\"(max-width: 768px) 100vw, 768px\" \/><\/div><\/a>\n\t\t\t\t<div class=\"elementor-post__text\">\n\t\t\t\t<h3 class=\"elementor-post__title\">\n\t\t\t<a href=\"https:\/\/www.josefschule-gladbeck.de\/index.php\/2026\/03\/26\/lesenacht-der-pandas-und-erdmaennchen\/\" >\n\t\t\t\tLesenacht der Pandas und Erdm\u00e4nnchen \ud83d\udcda\ud83d\udd26\t\t\t<\/a>\n\t\t<\/h3>\n\t\t\t\t<div class=\"elementor-post__excerpt\">\n\t\t\t<p>Gestern fand die Lesenacht der Pandas und Erdm\u00e4nnchen statt. Dabei wurde es alles andere als langweilig! Los ging es ganz entspannt mit Pizza f\u00fcr alle.<\/p>\n\t\t<\/div>\n\t\t\n\t\t<a class=\"elementor-post__read-more\" href=\"https:\/\/www.josefschule-gladbeck.de\/index.php\/2026\/03\/26\/lesenacht-der-pandas-und-erdmaennchen\/\" aria-label=\"Mehr \u00fcber Lesenacht der Pandas und Erdm\u00e4nnchen \ud83d\udcda\ud83d\udd26\" tabindex=\"-1\" >\n\t\t\tWeiterlesen \u00bb\t\t<\/a>\n\n\t\t\t\t<\/div>\n\t\t\t\t<div class=\"elementor-post__meta-data\">\n\t\t\t\t\t<span class=\"elementor-post-date\">\n\t\t\t26. M\u00e4rz 2026\t\t<\/span>\n\t\t\t\t<\/div>\n\t\t\t\t\t<\/div>\n\t\t<\/article>\n\t\t\t\t<article class=\"elementor-post elementor-grid-item post-2275 post type-post status-publish format-standard has-post-thumbnail hentry category-uncategorized\">\n\t\t\t<div class=\"elementor-post__card\">\n\t\t\t\t<a class=\"elementor-post__thumbnail__link\" href=\"https:\/\/www.josefschule-gladbeck.de\/index.php\/2026\/03\/24\/baumpflanzaktion-der-4-klassen\/\" tabindex=\"-1\" ><div class=\"elementor-post__thumbnail\"><img decoding=\"async\" width=\"768\" height=\"1024\" src=\"https:\/\/www.josefschule-gladbeck.de\/wp-content\/uploads\/2026\/04\/IMG_7977-768x1024.jpg\" class=\"attachment-medium_large size-medium_large wp-image-2279\" alt=\"\" srcset=\"https:\/\/www.josefschule-gladbeck.de\/wp-content\/uploads\/2026\/04\/IMG_7977-768x1024.jpg 768w, https:\/\/www.josefschule-gladbeck.de\/wp-content\/uploads\/2026\/04\/IMG_7977-225x300.jpg 225w, https:\/\/www.josefschule-gladbeck.de\/wp-content\/uploads\/2026\/04\/IMG_7977-1152x1536.jpg 1152w, https:\/\/www.josefschule-gladbeck.de\/wp-content\/uploads\/2026\/04\/IMG_7977-1536x2048.jpg 1536w, https:\/\/www.josefschule-gladbeck.de\/wp-content\/uploads\/2026\/04\/IMG_7977-scaled.jpg 1920w\" sizes=\"(max-width: 768px) 100vw, 768px\" \/><\/div><\/a>\n\t\t\t\t<div class=\"elementor-post__text\">\n\t\t\t\t<h3 class=\"elementor-post__title\">\n\t\t\t<a href=\"https:\/\/www.josefschule-gladbeck.de\/index.php\/2026\/03\/24\/baumpflanzaktion-der-4-klassen\/\" >\n\t\t\t\tBaumpflanzaktion der 4. Klassen \ud83c\udf31\t\t\t<\/a>\n\t\t<\/h3>\n\t\t\t\t<div class=\"elementor-post__excerpt\">\n\t\t\t<p>Im Rahmen einer besonderen Aktion haben die Josefkis aus den 4. Klassen die B\u00e4ume, die sie bereits in der 1. Klasse gepflanzt hatten, nun an<\/p>\n\t\t<\/div>\n\t\t\n\t\t<a class=\"elementor-post__read-more\" href=\"https:\/\/www.josefschule-gladbeck.de\/index.php\/2026\/03\/24\/baumpflanzaktion-der-4-klassen\/\" aria-label=\"Mehr \u00fcber Baumpflanzaktion der 4. Klassen \ud83c\udf31\" tabindex=\"-1\" >\n\t\t\tWeiterlesen \u00bb\t\t<\/a>\n\n\t\t\t\t<\/div>\n\t\t\t\t<div class=\"elementor-post__meta-data\">\n\t\t\t\t\t<span class=\"elementor-post-date\">\n\t\t\t24. M\u00e4rz 2026\t\t<\/span>\n\t\t\t\t<\/div>\n\t\t\t\t\t<\/div>\n\t\t<\/article>\n\t\t\t\t<article class=\"elementor-post elementor-grid-item post-2194 post type-post status-publish format-standard has-post-thumbnail hentry category-uncategorized\">\n\t\t\t<div class=\"elementor-post__card\">\n\t\t\t\t<a class=\"elementor-post__thumbnail__link\" href=\"https:\/\/www.josefschule-gladbeck.de\/index.php\/2026\/02\/04\/streithelfer-an-der-josefschule-kinder-helfen-kindern\/\" tabindex=\"-1\" ><div class=\"elementor-post__thumbnail\"><img loading=\"lazy\" decoding=\"async\" width=\"768\" height=\"1024\" src=\"https:\/\/www.josefschule-gladbeck.de\/wp-content\/uploads\/2026\/02\/ad3909f2-78ad-4cc6-96cc-76bcfc076cdb-768x1024.jpg\" class=\"attachment-medium_large size-medium_large wp-image-2201\" alt=\"\" srcset=\"https:\/\/www.josefschule-gladbeck.de\/wp-content\/uploads\/2026\/02\/ad3909f2-78ad-4cc6-96cc-76bcfc076cdb-768x1024.jpg 768w, https:\/\/www.josefschule-gladbeck.de\/wp-content\/uploads\/2026\/02\/ad3909f2-78ad-4cc6-96cc-76bcfc076cdb-225x300.jpg 225w, https:\/\/www.josefschule-gladbeck.de\/wp-content\/uploads\/2026\/02\/ad3909f2-78ad-4cc6-96cc-76bcfc076cdb-1152x1536.jpg 1152w, https:\/\/www.josefschule-gladbeck.de\/wp-content\/uploads\/2026\/02\/ad3909f2-78ad-4cc6-96cc-76bcfc076cdb.jpg 1536w\" sizes=\"(max-width: 768px) 100vw, 768px\" \/><\/div><\/a>\n\t\t\t\t<div class=\"elementor-post__text\">\n\t\t\t\t<h3 class=\"elementor-post__title\">\n\t\t\t<a href=\"https:\/\/www.josefschule-gladbeck.de\/index.php\/2026\/02\/04\/streithelfer-an-der-josefschule-kinder-helfen-kindern\/\" >\n\t\t\t\tStreithelfer an der Josefschule \u2013 Kinder helfen Kindern\t\t\t<\/a>\n\t\t<\/h3>\n\t\t\t\t<div class=\"elementor-post__excerpt\">\n\t\t\t<p>An der Josefschule \u00fcbernehmen unsere Sch\u00fclerinnen und Sch\u00fcler der 3. und 4. Klassen eine ganz besondere Aufgabe: Sie werden zu Streithelfern ausgebildet. Begleitet und angeleitet<\/p>\n\t\t<\/div>\n\t\t\n\t\t<a class=\"elementor-post__read-more\" href=\"https:\/\/www.josefschule-gladbeck.de\/index.php\/2026\/02\/04\/streithelfer-an-der-josefschule-kinder-helfen-kindern\/\" aria-label=\"Mehr \u00fcber Streithelfer an der Josefschule \u2013 Kinder helfen Kindern\" tabindex=\"-1\" >\n\t\t\tWeiterlesen \u00bb\t\t<\/a>\n\n\t\t\t\t<\/div>\n\t\t\t\t<div class=\"elementor-post__meta-data\">\n\t\t\t\t\t<span class=\"elementor-post-date\">\n\t\t\t4. Februar 2026\t\t<\/span>\n\t\t\t\t<\/div>\n\t\t\t\t\t<\/div>\n\t\t<\/article>\n\t\t\t\t<article class=\"elementor-post elementor-grid-item post-2191 post type-post status-publish format-standard has-post-thumbnail hentry category-uncategorized\">\n\t\t\t<div class=\"elementor-post__card\">\n\t\t\t\t<a class=\"elementor-post__thumbnail__link\" href=\"https:\/\/www.josefschule-gladbeck.de\/index.php\/2026\/01\/13\/start-des-projekts-mein-koerper-gehoert-mir\/\" tabindex=\"-1\" ><div class=\"elementor-post__thumbnail\"><img loading=\"lazy\" decoding=\"async\" width=\"768\" height=\"1024\" src=\"https:\/\/www.josefschule-gladbeck.de\/wp-content\/uploads\/2026\/01\/IMG_6955-768x1024.jpg\" class=\"attachment-medium_large size-medium_large wp-image-2192\" alt=\"\" srcset=\"https:\/\/www.josefschule-gladbeck.de\/wp-content\/uploads\/2026\/01\/IMG_6955-768x1024.jpg 768w, https:\/\/www.josefschule-gladbeck.de\/wp-content\/uploads\/2026\/01\/IMG_6955-225x300.jpg 225w, https:\/\/www.josefschule-gladbeck.de\/wp-content\/uploads\/2026\/01\/IMG_6955-1152x1536.jpg 1152w, https:\/\/www.josefschule-gladbeck.de\/wp-content\/uploads\/2026\/01\/IMG_6955-1536x2048.jpg 1536w, https:\/\/www.josefschule-gladbeck.de\/wp-content\/uploads\/2026\/01\/IMG_6955-scaled.jpg 1920w\" sizes=\"(max-width: 768px) 100vw, 768px\" \/><\/div><\/a>\n\t\t\t\t<div class=\"elementor-post__text\">\n\t\t\t\t<h3 class=\"elementor-post__title\">\n\t\t\t<a href=\"https:\/\/www.josefschule-gladbeck.de\/index.php\/2026\/01\/13\/start-des-projekts-mein-koerper-gehoert-mir\/\" >\n\t\t\t\tStart des Projekts &#8222;Mein K\u00f6rper geh\u00f6rt mir!&#8220;\t\t\t<\/a>\n\t\t<\/h3>\n\t\t\t\t<div class=\"elementor-post__excerpt\">\n\t\t\t<p>Heute startete das Pr\u00e4ventionsprojekt\u00a0Mein K\u00f6rper geh\u00f6rt mir\u00a0in den 3. und 4. Klassen. \u00dcber einen Zeitraum von drei Wochen findet jeweils eine Unterrichtsstunde pro Woche statt.<\/p>\n\t\t<\/div>\n\t\t\n\t\t<a class=\"elementor-post__read-more\" href=\"https:\/\/www.josefschule-gladbeck.de\/index.php\/2026\/01\/13\/start-des-projekts-mein-koerper-gehoert-mir\/\" aria-label=\"Mehr \u00fcber Start des Projekts &#8222;Mein K\u00f6rper geh\u00f6rt mir!&#8220;\" tabindex=\"-1\" >\n\t\t\tWeiterlesen \u00bb\t\t<\/a>\n\n\t\t\t\t<\/div>\n\t\t\t\t<div class=\"elementor-post__meta-data\">\n\t\t\t\t\t<span class=\"elementor-post-date\">\n\t\t\t13. Januar 2026\t\t<\/span>\n\t\t\t\t<\/div>\n\t\t\t\t\t<\/div>\n\t\t<\/article>\n\t\t\t\t<article class=\"elementor-post elementor-grid-item post-2180 post type-post status-publish format-standard has-post-thumbnail hentry category-uncategorized\">\n\t\t\t<div class=\"elementor-post__card\">\n\t\t\t\t<a class=\"elementor-post__thumbnail__link\" href=\"https:\/\/www.josefschule-gladbeck.de\/index.php\/2025\/12\/12\/bastel-ag\/\" tabindex=\"-1\" ><div class=\"elementor-post__thumbnail\"><img loading=\"lazy\" decoding=\"async\" width=\"768\" height=\"290\" src=\"https:\/\/www.josefschule-gladbeck.de\/wp-content\/uploads\/2025\/12\/Bildschirmfoto-2025-12-19-um-09.54.41-768x290.png\" class=\"attachment-medium_large size-medium_large wp-image-2184\" alt=\"\" srcset=\"https:\/\/www.josefschule-gladbeck.de\/wp-content\/uploads\/2025\/12\/Bildschirmfoto-2025-12-19-um-09.54.41-768x290.png 768w, https:\/\/www.josefschule-gladbeck.de\/wp-content\/uploads\/2025\/12\/Bildschirmfoto-2025-12-19-um-09.54.41-300x113.png 300w, https:\/\/www.josefschule-gladbeck.de\/wp-content\/uploads\/2025\/12\/Bildschirmfoto-2025-12-19-um-09.54.41-1024x386.png 1024w, https:\/\/www.josefschule-gladbeck.de\/wp-content\/uploads\/2025\/12\/Bildschirmfoto-2025-12-19-um-09.54.41-1536x579.png 1536w, https:\/\/www.josefschule-gladbeck.de\/wp-content\/uploads\/2025\/12\/Bildschirmfoto-2025-12-19-um-09.54.41.png 2032w\" sizes=\"(max-width: 768px) 100vw, 768px\" \/><\/div><\/a>\n\t\t\t\t<div class=\"elementor-post__text\">\n\t\t\t\t<h3 class=\"elementor-post__title\">\n\t\t\t<a href=\"https:\/\/www.josefschule-gladbeck.de\/index.php\/2025\/12\/12\/bastel-ag\/\" >\n\t\t\t\tBastel-AG \ud83c\udfa8\u2728\t\t\t<\/a>\n\t\t<\/h3>\n\t\t\t\t<div class=\"elementor-post__excerpt\">\n\t\t\t<p>In der Bastel-AG haben die Kinder der 1. und 2. Klassen mit viel Freude kreative Pappteller-Rentiere gestaltet. Ein besonderes Highlight: Das Geweih entstand aus den<\/p>\n\t\t<\/div>\n\t\t\n\t\t<a class=\"elementor-post__read-more\" href=\"https:\/\/www.josefschule-gladbeck.de\/index.php\/2025\/12\/12\/bastel-ag\/\" aria-label=\"Mehr \u00fcber Bastel-AG \ud83c\udfa8\u2728\" tabindex=\"-1\" >\n\t\t\tWeiterlesen \u00bb\t\t<\/a>\n\n\t\t\t\t<\/div>\n\t\t\t\t<div class=\"elementor-post__meta-data\">\n\t\t\t\t\t<span class=\"elementor-post-date\">\n\t\t\t12. Dezember 2025\t\t<\/span>\n\t\t\t\t<\/div>\n\t\t\t\t\t<\/div>\n\t\t<\/article>\n\t\t\t\t<\/div>\n\t\t\t\t\t<span class=\"e-load-more-spinner\">\n\t\t\t\t<svg aria-hidden=\"true\" class=\"e-font-icon-svg e-fas-spinner\" viewBox=\"0 0 512 512\" xmlns=\"http:\/\/www.w3.org\/2000\/svg\"><path d=\"M304 48c0 26.51-21.49 48-48 48s-48-21.49-48-48 21.49-48 48-48 48 21.49 48 48zm-48 368c-26.51 0-48 21.49-48 48s21.49 48 48 48 48-21.49 48-48-21.49-48-48-48zm208-208c-26.51 0-48 21.49-48 48s21.49 48 48 48 48-21.49 48-48-21.49-48-48-48zM96 256c0-26.51-21.49-48-48-48S0 229.49 0 256s21.49 48 48 48 48-21.49 48-48zm12.922 99.078c-26.51 0-48 21.49-48 48s21.49 48 48 48 48-21.49 48-48c0-26.509-21.491-48-48-48zm294.156 0c-26.51 0-48 21.49-48 48s21.49 48 48 48 48-21.49 48-48c0-26.509-21.49-48-48-48zM108.922 60.922c-26.51 0-48 21.49-48 48s21.49 48 48 48 48-21.49 48-48-21.491-48-48-48z\"><\/path><\/svg>\t\t\t<\/span>\n\t\t\n\t\t\t\t<div class=\"e-load-more-anchor\" data-page=\"1\" data-max-page=\"3\" data-next-page=\"https:\/\/www.josefschule-gladbeck.de\/index.php\/wp-json\/wp\/v2\/pages\/143\/page\/2\/\"><\/div>\n\t\t\t\t<div class=\"elementor-button-wrapper\">\n\t\t\t<a href=\"#\" class=\"elementor-button-link elementor-button\" role=\"button\">\n\t\t\t\t\t\t<span class=\"elementor-button-content-wrapper\">\n\t\t\t\t\t\t\t\t\t<span class=\"elementor-button-text\">\u00c4ltere Beitr\u00e4ge laden<\/span>\n\t\t\t\t\t<\/span>\n\t\t\t\t\t<\/a>\n\t\t<\/div>\n\t\t\t\t<div class=\"e-load-more-message\"><\/div>\n\t\t\t\t\t\t<\/div>\n\t\t\t\t<\/div>\n\t\t\t\t<\/div>\n\t\t\t\t<\/div>\n\t\t","protected":false},"excerpt":{"rendered":"<p>Aus den Klassen<\/p>\n","protected":false},"author":2,"featured_media":0,"parent":0,"menu_order":0,"comment_status":"closed","ping_status":"closed","template":"","meta":{"footnotes":""},"class_list":["post-143","page","type-page","status-publish","hentry"],"_links":{"self":[{"href":"https:\/\/www.josefschule-gladbeck.de\/index.php\/wp-json\/wp\/v2\/pages\/143","targetHints":{"allow":["GET"]}}],"collection":[{"href":"https:\/\/www.josefschule-gladbeck.de\/index.php\/wp-json\/wp\/v2\/pages"}],"about":[{"href":"https:\/\/www.josefschule-gladbeck.de\/index.php\/wp-json\/wp\/v2\/types\/page"}],"author":[{"embeddable":true,"href":"https:\/\/www.josefschule-gladbeck.de\/index.php\/wp-json\/wp\/v2\/users\/2"}],"replies":[{"embeddable":true,"href":"https:\/\/www.josefschule-gladbeck.de\/index.php\/wp-json\/wp\/v2\/comments?post=143"}],"version-history":[{"count":115,"href":"https:\/\/www.josefschule-gladbeck.de\/index.php\/wp-json\/wp\/v2\/pages\/143\/revisions"}],"predecessor-version":[{"id":2028,"href":"https:\/\/www.josefschule-gladbeck.de\/index.php\/wp-json\/wp\/v2\/pages\/143\/revisions\/2028"}],"wp:attachment":[{"href":"https:\/\/www.josefschule-gladbeck.de\/index.php\/wp-json\/wp\/v2\/media?parent=143"}],"curies":[{"name":"wp","href":"https:\/\/api.w.org\/{rel}","templated":true}]}}