{"id":439,"date":"2025-04-16T20:10:28","date_gmt":"2025-04-16T20:10:28","guid":{"rendered":"https:\/\/www.josefschule-gladbeck.de\/?page_id=439"},"modified":"2025-06-02T22:24:53","modified_gmt":"2025-06-02T20:24:53","slug":"gebaeude-und-gelaende","status":"publish","type":"page","link":"https:\/\/www.josefschule-gladbeck.de\/index.php\/gebaeude-und-gelaende\/","title":{"rendered":"Geb\u00e4ude"},"content":{"rendered":"\t\t<div data-elementor-type=\"wp-page\" data-elementor-id=\"439\" class=\"elementor elementor-439\" data-elementor-post-type=\"page\">\n\t\t\t\t<div class=\"elementor-element elementor-element-5f786e8 e-flex e-con-boxed e-con e-parent\" data-id=\"5f786e8\" data-element_type=\"container\" data-e-type=\"container\">\n\t\t\t\t\t<div class=\"e-con-inner\">\n\t\t\t\t<div class=\"elementor-element elementor-element-fd2d5e8 elementor-widget elementor-widget-heading\" data-id=\"fd2d5e8\" data-element_type=\"widget\" data-e-type=\"widget\" data-widget_type=\"heading.default\">\n\t\t\t\t<div class=\"elementor-widget-container\">\n\t\t\t\t\t<h3 class=\"elementor-heading-title elementor-size-default\">Unser Geb\u00e4ude und Gel\u00e4nde<\/h3>\t\t\t\t<\/div>\n\t\t\t\t<\/div>\n\t\t\t\t<div class=\"elementor-element elementor-element-1d7a520 elementor-widget elementor-widget-text-editor\" data-id=\"1d7a520\" data-element_type=\"widget\" data-e-type=\"widget\" data-widget_type=\"text-editor.default\">\n\t\t\t\t<div class=\"elementor-widget-container\">\n\t\t\t\t\t\t\t\t\t<p>Der Unterricht findet f\u00fcr sechs Klassen im \u00fcber 100 Jahre alten Altbau und f\u00fcr vier Klassen im Neubau aus dem Jahr 2020 statt. Jeweils zwei Ganztagsklassen teilen sich einen Plusraum zur Differenzierung oder zum stillen Arbeiten. Daneben stehen R\u00e4ume f\u00fcr die Arbeit in Kleingruppen zur Verf\u00fcgung. Aus dem zusammen mit dem Neubau entstandenen Schulgarten wird zurzeit ein gr\u00fcnes Klassenzimmer.<\/p><p>Die Pausen verbringen die Kinder auf dem hinteren Schulhof mit Spielplatz und Grasfl\u00e4che oder auf einem der beiden angrenzenden Sportpl\u00e4tze. Auch der vordere Schulhof kann f\u00fcr den Unterricht oder in Pausen genutzt werden.\u00a0<\/p>\t\t\t\t\t\t\t\t<\/div>\n\t\t\t\t<\/div>\n\t\t\t\t<div class=\"elementor-element elementor-element-80fcf21 elementor-widget elementor-widget-image\" data-id=\"80fcf21\" data-element_type=\"widget\" data-e-type=\"widget\" data-widget_type=\"image.default\">\n\t\t\t\t<div class=\"elementor-widget-container\">\n\t\t\t\t\t\t\t\t\t\t\t\t\t\t\t<img fetchpriority=\"high\" decoding=\"async\" width=\"1024\" height=\"471\" src=\"https:\/\/www.josefschule-gladbeck.de\/wp-content\/uploads\/2025\/06\/steintuerme-neu-1024x471.png\" class=\"attachment-large size-large wp-image-1803\" alt=\"\" srcset=\"https:\/\/www.josefschule-gladbeck.de\/wp-content\/uploads\/2025\/06\/steintuerme-neu-1024x471.png 1024w, https:\/\/www.josefschule-gladbeck.de\/wp-content\/uploads\/2025\/06\/steintuerme-neu-300x138.png 300w, https:\/\/www.josefschule-gladbeck.de\/wp-content\/uploads\/2025\/06\/steintuerme-neu-768x353.png 768w, https:\/\/www.josefschule-gladbeck.de\/wp-content\/uploads\/2025\/06\/steintuerme-neu.png 1306w\" sizes=\"(max-width: 1024px) 100vw, 1024px\" \/>\t\t\t\t\t\t\t\t\t\t\t\t\t\t\t<\/div>\n\t\t\t\t<\/div>\n\t\t\t\t<div class=\"elementor-element elementor-element-b283d43 elementor-widget elementor-widget-image\" data-id=\"b283d43\" data-element_type=\"widget\" data-e-type=\"widget\" data-widget_type=\"image.default\">\n\t\t\t\t<div class=\"elementor-widget-container\">\n\t\t\t\t\t\t\t\t\t\t\t\t\t\t\t<img decoding=\"async\" src=\"https:\/\/www.josefschule-gladbeck.de\/wp-content\/uploads\/2025\/04\/blumenwiese.png\" title=\"\" alt=\"\" loading=\"lazy\" \/>\t\t\t\t\t\t\t\t\t\t\t\t\t\t\t<\/div>\n\t\t\t\t<\/div>\n\t\t\t\t\t<\/div>\n\t\t\t\t<\/div>\n\t\t\t\t<\/div>\n\t\t","protected":false},"excerpt":{"rendered":"<p>Unser Geb\u00e4ude und Gel\u00e4nde Der Unterricht findet f\u00fcr sechs Klassen im \u00fcber 100 Jahre alten Altbau und f\u00fcr vier Klassen im Neubau aus dem Jahr 2020 statt. Jeweils zwei Ganztagsklassen teilen sich einen Plusraum zur Differenzierung oder zum stillen Arbeiten. Daneben stehen R\u00e4ume f\u00fcr die Arbeit in Kleingruppen zur Verf\u00fcgung. Aus dem zusammen mit dem [&hellip;]<\/p>\n","protected":false},"author":2,"featured_media":0,"parent":0,"menu_order":0,"comment_status":"closed","ping_status":"closed","template":"","meta":{"footnotes":""},"class_list":["post-439","page","type-page","status-publish","hentry"],"_links":{"self":[{"href":"https:\/\/www.josefschule-gladbeck.de\/index.php\/wp-json\/wp\/v2\/pages\/439","targetHints":{"allow":["GET"]}}],"collection":[{"href":"https:\/\/www.josefschule-gladbeck.de\/index.php\/wp-json\/wp\/v2\/pages"}],"about":[{"href":"https:\/\/www.josefschule-gladbeck.de\/index.php\/wp-json\/wp\/v2\/types\/page"}],"author":[{"embeddable":true,"href":"https:\/\/www.josefschule-gladbeck.de\/index.php\/wp-json\/wp\/v2\/users\/2"}],"replies":[{"embeddable":true,"href":"https:\/\/www.josefschule-gladbeck.de\/index.php\/wp-json\/wp\/v2\/comments?post=439"}],"version-history":[{"count":38,"href":"https:\/\/www.josefschule-gladbeck.de\/index.php\/wp-json\/wp\/v2\/pages\/439\/revisions"}],"predecessor-version":[{"id":1815,"href":"https:\/\/www.josefschule-gladbeck.de\/index.php\/wp-json\/wp\/v2\/pages\/439\/revisions\/1815"}],"wp:attachment":[{"href":"https:\/\/www.josefschule-gladbeck.de\/index.php\/wp-json\/wp\/v2\/media?parent=439"}],"curies":[{"name":"wp","href":"https:\/\/api.w.org\/{rel}","templated":true}]}}